{"id":11712,"date":"2025-01-22T07:31:46","date_gmt":"2025-01-22T06:31:46","guid":{"rendered":"https:\/\/www.kbe-elektrotechnik.com\/?page_id=11712"},"modified":"2025-01-22T07:31:50","modified_gmt":"2025-01-22T06:31:50","slug":"kbe-solar-db","status":"publish","type":"page","link":"https:\/\/www.kbe-elektrotechnik.com\/sv\/solar-cables\/kbe-solar-db\/","title":{"rendered":"KBE Solar DB+"},"content":{"rendered":"","protected":false},"excerpt":{"rendered":"","protected":false},"author":10,"featured_media":0,"parent":1165,"menu_order":0,"comment_status":"closed","ping_status":"closed","template":"","meta":{"_acf_changed":false,"_seopress_robots_primary_cat":"","_seopress_titles_title":"Solcellskabel KBE Solar DB+ EN 50618 H1Z2Z2-K","_seopress_titles_desc":"Den f\u00f6rb\u00e4ttrade och trippelcertifierade KBE Solar DB+ H1Z2Z2-K 62930 IEC 131 PV 1500-K solcellskabel erbjuder m\u00e5nga f\u00f6rdelar. L\u00e4s mer","_seopress_robots_index":"","footnotes":""},"class_list":["post-11712","page","type-page","status-publish"],"acf":[],"_links":{"self":[{"href":"https:\/\/www.kbe-elektrotechnik.com\/sv\/wp-json\/wp\/v2\/pages\/11712","targetHints":{"allow":["GET"]}}],"collection":[{"href":"https:\/\/www.kbe-elektrotechnik.com\/sv\/wp-json\/wp\/v2\/pages"}],"about":[{"href":"https:\/\/www.kbe-elektrotechnik.com\/sv\/wp-json\/wp\/v2\/types\/page"}],"author":[{"embeddable":true,"href":"https:\/\/www.kbe-elektrotechnik.com\/sv\/wp-json\/wp\/v2\/users\/10"}],"replies":[{"embeddable":true,"href":"https:\/\/www.kbe-elektrotechnik.com\/sv\/wp-json\/wp\/v2\/comments?post=11712"}],"version-history":[{"count":1,"href":"https:\/\/www.kbe-elektrotechnik.com\/sv\/wp-json\/wp\/v2\/pages\/11712\/revisions"}],"predecessor-version":[{"id":11715,"href":"https:\/\/www.kbe-elektrotechnik.com\/sv\/wp-json\/wp\/v2\/pages\/11712\/revisions\/11715"}],"up":[{"embeddable":true,"href":"https:\/\/www.kbe-elektrotechnik.com\/sv\/wp-json\/wp\/v2\/pages\/1165"}],"wp:attachment":[{"href":"https:\/\/www.kbe-elektrotechnik.com\/sv\/wp-json\/wp\/v2\/media?parent=11712"}],"curies":[{"name":"wp","href":"https:\/\/api.w.org\/{rel}","templated":true}]}}