{"id":11370,"date":"2025-01-13T10:35:03","date_gmt":"2025-01-13T09:35:03","guid":{"rendered":"https:\/\/www.kbe-elektrotechnik.com\/?page_id=11370"},"modified":"2025-01-13T10:35:05","modified_gmt":"2025-01-13T09:35:05","slug":"linie-solarne-kbe","status":"publish","type":"page","link":"https:\/\/www.kbe-elektrotechnik.com\/pl\/linie-solarne-kbe\/","title":{"rendered":"Linie solarne KBE"},"content":{"rendered":"","protected":false},"excerpt":{"rendered":"","protected":false},"author":8,"featured_media":0,"parent":0,"menu_order":0,"comment_status":"closed","ping_status":"closed","template":"","meta":{"_acf_changed":false,"_seopress_robots_primary_cat":"","_seopress_titles_title":"Kable solarne: 3-krotnie certyfikowane przez KBE Elektrotechnik GmbH","_seopress_titles_desc":"Kable solarne z norm\u0105 EN 50618 (H1Z2Z2-K), mi\u0119dzynarodow\u0105 norm\u0105 kabli solarnych IEC 62930 (IEC 131) i norm\u0105 T\u00dcV 2Pfg 1169 \/10.2019 (PV 1500-K) certyfikowane 3-krotnie","_seopress_robots_index":"","footnotes":""},"class_list":["post-11370","page","type-page","status-publish"],"acf":[],"_links":{"self":[{"href":"https:\/\/www.kbe-elektrotechnik.com\/pl\/wp-json\/wp\/v2\/pages\/11370","targetHints":{"allow":["GET"]}}],"collection":[{"href":"https:\/\/www.kbe-elektrotechnik.com\/pl\/wp-json\/wp\/v2\/pages"}],"about":[{"href":"https:\/\/www.kbe-elektrotechnik.com\/pl\/wp-json\/wp\/v2\/types\/page"}],"author":[{"embeddable":true,"href":"https:\/\/www.kbe-elektrotechnik.com\/pl\/wp-json\/wp\/v2\/users\/8"}],"replies":[{"embeddable":true,"href":"https:\/\/www.kbe-elektrotechnik.com\/pl\/wp-json\/wp\/v2\/comments?post=11370"}],"version-history":[{"count":1,"href":"https:\/\/www.kbe-elektrotechnik.com\/pl\/wp-json\/wp\/v2\/pages\/11370\/revisions"}],"predecessor-version":[{"id":11373,"href":"https:\/\/www.kbe-elektrotechnik.com\/pl\/wp-json\/wp\/v2\/pages\/11370\/revisions\/11373"}],"wp:attachment":[{"href":"https:\/\/www.kbe-elektrotechnik.com\/pl\/wp-json\/wp\/v2\/media?parent=11370"}],"curies":[{"name":"wp","href":"https:\/\/api.w.org\/{rel}","templated":true}]}}