{"id":11366,"date":"2025-01-13T10:29:59","date_gmt":"2025-01-13T09:29:59","guid":{"rendered":"https:\/\/www.kbe-elektrotechnik.com\/?page_id=11366"},"modified":"2025-01-13T10:31:30","modified_gmt":"2025-01-13T09:31:30","slug":"kbe-solar-db-en-50618-h1z2z2-k-iec-62930","status":"publish","type":"page","link":"https:\/\/www.kbe-elektrotechnik.com\/pl\/linie-solarne-kbe\/kbe-solar-db-en-50618-h1z2z2-k-iec-62930\/","title":{"rendered":"KBE Solar DB+ EN 50618 H1Z2Z2-K IEC 62930"},"content":{"rendered":"","protected":false},"excerpt":{"rendered":"","protected":false},"author":8,"featured_media":0,"parent":11370,"menu_order":0,"comment_status":"closed","ping_status":"closed","template":"","meta":{"_acf_changed":false,"_seopress_robots_primary_cat":"","_seopress_titles_title":"KBE Solar DB+ EN 50618 H1Z2Z2-K IEC 62930","_seopress_titles_desc":"Udoskonalony i potr\u00f3jnie certyfikowany kabel solarny KBE Solar DB+ H1Z2Z2-K 62930 IEC 131 PV 1500-K oferuje wiele zalet. Dowiedz si\u0119 wi\u0119cej","_seopress_robots_index":"","footnotes":""},"class_list":["post-11366","page","type-page","status-publish"],"acf":[],"_links":{"self":[{"href":"https:\/\/www.kbe-elektrotechnik.com\/pl\/wp-json\/wp\/v2\/pages\/11366","targetHints":{"allow":["GET"]}}],"collection":[{"href":"https:\/\/www.kbe-elektrotechnik.com\/pl\/wp-json\/wp\/v2\/pages"}],"about":[{"href":"https:\/\/www.kbe-elektrotechnik.com\/pl\/wp-json\/wp\/v2\/types\/page"}],"author":[{"embeddable":true,"href":"https:\/\/www.kbe-elektrotechnik.com\/pl\/wp-json\/wp\/v2\/users\/8"}],"replies":[{"embeddable":true,"href":"https:\/\/www.kbe-elektrotechnik.com\/pl\/wp-json\/wp\/v2\/comments?post=11366"}],"version-history":[{"count":1,"href":"https:\/\/www.kbe-elektrotechnik.com\/pl\/wp-json\/wp\/v2\/pages\/11366\/revisions"}],"predecessor-version":[{"id":11369,"href":"https:\/\/www.kbe-elektrotechnik.com\/pl\/wp-json\/wp\/v2\/pages\/11366\/revisions\/11369"}],"up":[{"embeddable":true,"href":"https:\/\/www.kbe-elektrotechnik.com\/pl\/wp-json\/wp\/v2\/pages\/11370"}],"wp:attachment":[{"href":"https:\/\/www.kbe-elektrotechnik.com\/pl\/wp-json\/wp\/v2\/media?parent=11366"}],"curies":[{"name":"wp","href":"https:\/\/api.w.org\/{rel}","templated":true}]}}